{"id":2486,"date":"2025-08-06T09:24:05","date_gmt":"2025-08-06T07:24:05","guid":{"rendered":"https:\/\/nutrifizz.fr\/terms-of-use\/"},"modified":"2026-01-20T11:27:22","modified_gmt":"2026-01-20T10:27:22","slug":"terms-of-use","status":"publish","type":"page","link":"https:\/\/nutrifizz.fr\/en\/terms-of-use\/","title":{"rendered":"Terms of use"},"content":{"rendered":"\n<div class=\"wp-block-group has-global-padding is-layout-constrained wp-block-group-is-layout-constrained\" style=\"padding-top:var(--wp--preset--spacing--50);padding-bottom:var(--wp--preset--spacing--50)\">\n<p><\/p>\n\n\n\n<p>In accordance with the provisions of Articles 6-III and 19 of Law No. 2004-575 of June 21, 2004 for Confidence in the Digital Economy (LCEN), we inform users of the Nutrifizz site of the following:<\/p>\n\n\n\n<h3 class=\"wp-block-heading\"><strong>1. Site editor<\/strong><\/h3>\n\n\n\n<ul class=\"wp-block-list\">\n<li><strong>Company name \/ Name of manager<\/strong>: NUTRIFIZZ \/ \u00c9milie Chans\u00e9aume-Bussi\u00e8re and C\u00e9line Gryson<\/li>\n\n\n\n<li><strong>Legal status<\/strong>: SAS<\/li>\n\n\n\n<li><strong>Address<\/strong>: 30 rue Drelon, 63000 Clermont-Ferrand<\/li>\n\n\n\n<li><strong>RCS <\/strong>: 520 609 116 R.C.S. Clermont-ferrand<\/li>\n\n\n\n<li><strong>VAT <\/strong>: FR96520609116<\/li>\n\n\n\n<li><strong>Telephone<\/strong>: <a href=\"https:\/\/www.google.com\/search?client=safari&amp;rls=en&amp;q=nutrifizz&amp;ie=UTF-8&amp;oe=UTF-8\" target=\"_blank\" rel=\"noreferrer noopener\">06 68 65 42 03<\/a><\/li>\n\n\n\n<li><strong>Email<\/strong>: <a href=\"mailto:contact@nutrifizz.fr\" target=\"_blank\" rel=\"noreferrer noopener\">contact@nutrifizz.fr<\/a><\/li>\n\n\n\n<li><strong>SIRET<\/strong>: 52060911600022<\/li>\n\n\n\n<li><strong>Publication manager<\/strong>: \u00c9milie Chans\u00e9aume &#8211; Bussi\u00e8re<\/li>\n<\/ul>\n\n\n\n<h3 class=\"wp-block-heading\"><strong>2. Hosting<\/strong><\/h3>\n\n\n\n<ul class=\"wp-block-list\">\n<li><strong>Company name: <\/strong>OVHcloud<\/li>\n\n\n\n<li><strong>Legal status:<\/strong> SAS with capital of \u20ac10,174,560<\/li>\n\n\n\n<li><strong>RCS :<\/strong> Lille M\u00e9tropole 424 761 419 00045<\/li>\n\n\n\n<li><strong>Head office<\/strong>: 2 rue Kellermann, 59100 Roubaix, France<\/li>\n\n\n\n<li><strong>Website:<\/strong> https: <a href=\"https:\/\/www.ovhcloud.com\/\" target=\"_blank\" rel=\"noreferrer noopener\">\/\/www.ovhcloud.com<\/a><\/li>\n\n\n\n<li><strong>Telephone:<\/strong> 1007 (free call from a landline in France)<\/li>\n<\/ul>\n\n\n\n<h3 class=\"wp-block-heading\"><strong>3. Design and development<\/strong><\/h3>\n\n\n\n<ul class=\"wp-block-list\">\n<li><strong>Development \/ maintenance<\/strong>: OVERSCAN (SAS with capital of \u20ac38,250)<\/li>\n\n\n\n<li><strong>Address<\/strong>: 1 avenue Michel Ange &#8211; 63000 Clermont-ferrand &#8211; France<\/li>\n\n\n\n<li><strong>Telephone<\/strong>: + 33 (0) 4 73 15 15 15<\/li>\n\n\n\n<li><strong>Website<\/strong>: <a href=\"https:\/\/www.overscan.fr\/\" target=\"_blank\" rel=\"noreferrer noopener\">www.overscan.fr<\/a><\/li>\n<\/ul>\n\n\n\n<h3 class=\"wp-block-heading\"><strong>4. Intellectual property<\/strong><\/h3>\n\n\n\n<p>The entire content of the <strong>NutriFizz.fr<\/strong> website, including but not limited to text, images, graphics, logos, videos, icons, sounds and software, is the exclusive property of <strong>NutriFizz<\/strong> or its partners.<\/p>\n\n\n\n<p>Any reproduction, distribution, modification, adaptation, retransmission or publication, even partial, of these various elements is strictly forbidden without the prior written consent of <strong>NutriFizz<\/strong>.<\/p>\n\n\n\n<h3 class=\"wp-block-heading\"><strong>5. Personal data<\/strong><\/h3>\n\n\n\n<p>To view our privacy policy, please <a href=\"https:\/\/nutrifizz.fr\/en\/privacy-policy\/\" data-type=\"page\" data-id=\"3\">click here<\/a><strong>.<\/strong><\/p>\n\n\n\n<p>In accordance with the General Data Protection Regulation (RGPD) and the French Data Protection Act (Loi Informatique et Libert\u00e9s), you have the right to access, rectify, delete, object to, limit the processing of and port your data.<br\/>For all requests: <a href=\"mailto:contact@nutrifizz.fr\" target=\"_blank\" rel=\"noreferrer noopener\">contact@nutrifizz.fr<\/a><\/p>\n\n\n\n<h3 class=\"wp-block-heading\"><strong>6. Liability<\/strong><\/h3>\n\n\n\n<p>NutriFizz endeavors to provide information on the site that is as accurate as possible. However, the publisher cannot be held responsible for omissions, inaccuracies or failure to update. <\/p>\n\n\n\n<p>The user is solely responsible for the use he makes of the content of the site.<\/p>\n\n\n\n<h3 class=\"wp-block-heading\"><strong>7. Applicable law and jurisdiction<\/strong><\/h3>\n\n\n\n<p>The present legal notice is governed by French law.<br\/>In the event of litigation, exclusive jurisdiction is attributed to the courts of the jurisdiction of the registered office of NutriFizz, except in the case of mandatory legal provisions to the contrary.<\/p>\n\n\n\n<p><\/p>\n<\/div>\n\n<p><\/p>\n","protected":false},"excerpt":{"rendered":"<p>In accordance with the provisions of Articles 6-III and 19 of Law No. 2004-575 of June 21, 2004 for Confidence in the Digital Economy (LCEN), we inform users of the Nutrifizz site of the following: 1. Site editor 2. Hosting 3. Design and development 4. Intellectual property The entire content of the NutriFizz.fr website, including [&hellip;]<\/p>\n","protected":false},"author":1,"featured_media":2410,"parent":0,"menu_order":0,"comment_status":"closed","ping_status":"closed","template":"","meta":{"ovs_hero_pre_title":"","ovs_hero_text_content":"","ovs_hero_button_text":"","ovs_hero_button_url":"","footnotes":""},"class_list":["post-2486","page","type-page","status-publish","has-post-thumbnail","hentry"],"_links":{"self":[{"href":"https:\/\/nutrifizz.fr\/en\/wp-json\/wp\/v2\/pages\/2486","targetHints":{"allow":["GET"]}}],"collection":[{"href":"https:\/\/nutrifizz.fr\/en\/wp-json\/wp\/v2\/pages"}],"about":[{"href":"https:\/\/nutrifizz.fr\/en\/wp-json\/wp\/v2\/types\/page"}],"author":[{"embeddable":true,"href":"https:\/\/nutrifizz.fr\/en\/wp-json\/wp\/v2\/users\/1"}],"replies":[{"embeddable":true,"href":"https:\/\/nutrifizz.fr\/en\/wp-json\/wp\/v2\/comments?post=2486"}],"version-history":[{"count":3,"href":"https:\/\/nutrifizz.fr\/en\/wp-json\/wp\/v2\/pages\/2486\/revisions"}],"predecessor-version":[{"id":2582,"href":"https:\/\/nutrifizz.fr\/en\/wp-json\/wp\/v2\/pages\/2486\/revisions\/2582"}],"wp:featuredmedia":[{"embeddable":true,"href":"https:\/\/nutrifizz.fr\/en\/wp-json\/wp\/v2\/media\/2410"}],"wp:attachment":[{"href":"https:\/\/nutrifizz.fr\/en\/wp-json\/wp\/v2\/media?parent=2486"}],"curies":[{"name":"wp","href":"https:\/\/api.w.org\/{rel}","templated":true}]}}